{"id":17,"date":"2025-10-02T09:00:57","date_gmt":"2025-10-02T09:00:57","guid":{"rendered":"https:\/\/www.wildfoxstudio.com\/index.php\/about\/"},"modified":"2025-10-24T10:10:49","modified_gmt":"2025-10-24T10:10:49","slug":"about","status":"publish","type":"page","link":"https:\/\/www.wildfoxstudio.com\/index.php\/fr\/about\/","title":{"rendered":"\u00c0 propos"},"content":{"rendered":"\t\t<div data-elementor-type=\"wp-page\" data-elementor-id=\"17\" class=\"elementor elementor-17\" data-elementor-post-type=\"page\">\n\t\t\t\t<div class=\"elementor-element elementor-element-f954d5d e-con-full e-flex e-con e-parent\" data-id=\"f954d5d\" data-element_type=\"container\">\n\t\t\t\t<div class=\"elementor-element elementor-element-8176d74 elementor-widget elementor-widget-spacer\" data-id=\"8176d74\" data-element_type=\"widget\" data-widget_type=\"spacer.default\">\n\t\t\t\t\t\t\t<div class=\"elementor-spacer\">\n\t\t\t<div class=\"elementor-spacer-inner\"><\/div>\n\t\t<\/div>\n\t\t\t\t\t\t<\/div>\n\t\t<div class=\"elementor-element elementor-element-2194757 e-con-full e-flex e-con e-child\" data-id=\"2194757\" data-element_type=\"container\">\n\t\t\t\t<div class=\"elementor-element elementor-element-4031463 elementor-widget elementor-widget-image\" data-id=\"4031463\" data-element_type=\"widget\" data-widget_type=\"image.default\">\n\t\t\t\t\t\t\t\t\t\t\t\t\t\t\t<img fetchpriority=\"high\" decoding=\"async\" width=\"2560\" height=\"643\" src=\"https:\/\/www.wildfoxstudio.com\/wp-content\/uploads\/2025\/10\/Autoportrait-graphique3000px-v2-scaled.jpg\" class=\"attachment-full size-full wp-image-768\" alt=\"\" srcset=\"https:\/\/www.wildfoxstudio.com\/wp-content\/uploads\/2025\/10\/Autoportrait-graphique3000px-v2-scaled.jpg 2560w, https:\/\/www.wildfoxstudio.com\/wp-content\/uploads\/2025\/10\/Autoportrait-graphique3000px-v2-300x75.jpg 300w, https:\/\/www.wildfoxstudio.com\/wp-content\/uploads\/2025\/10\/Autoportrait-graphique3000px-v2-1024x257.jpg 1024w, https:\/\/www.wildfoxstudio.com\/wp-content\/uploads\/2025\/10\/Autoportrait-graphique3000px-v2-768x193.jpg 768w, https:\/\/www.wildfoxstudio.com\/wp-content\/uploads\/2025\/10\/Autoportrait-graphique3000px-v2-1536x386.jpg 1536w, https:\/\/www.wildfoxstudio.com\/wp-content\/uploads\/2025\/10\/Autoportrait-graphique3000px-v2-2048x514.jpg 2048w\" sizes=\"(max-width: 2560px) 100vw, 2560px\" \/>\t\t\t\t\t\t\t\t\t\t\t\t\t\t\t<\/div>\n\t\t\t\t<\/div>\n\t\t\t\t<\/div>\n\t\t<div class=\"elementor-element elementor-element-48f76e30 e-con-full e-flex e-con e-parent\" data-id=\"48f76e30\" data-element_type=\"container\">\n\t\t\t\t<div class=\"elementor-element elementor-element-a9d630a elementor-widget elementor-widget-spacer\" data-id=\"a9d630a\" data-element_type=\"widget\" data-widget_type=\"spacer.default\">\n\t\t\t\t\t\t\t<div class=\"elementor-spacer\">\n\t\t\t<div class=\"elementor-spacer-inner\"><\/div>\n\t\t<\/div>\n\t\t\t\t\t\t<\/div>\n\t\t\t\t<\/div>\n\t\t<div class=\"elementor-element elementor-element-a8508b8 e-flex e-con-boxed e-con e-parent\" data-id=\"a8508b8\" data-element_type=\"container\">\n\t\t\t\t\t<div class=\"e-con-inner\">\n\t\t\t\t<div class=\"elementor-element elementor-element-aef549e premium-atext__switch elementor-widget elementor-widget-premium-addon-fancy-text\" data-id=\"aef549e\" data-element_type=\"widget\" data-widget_type=\"premium-addon-fancy-text.default\">\n\t\t\t\t\t\t\t<div class=\"premium-atext__wrapper premium-atext__typing \" data-start-effect=\"page_load\" data-settings=\"{&quot;effect&quot;:&quot;typing&quot;,&quot;strings&quot;:[&quot;Faire avec passion...&quot;],&quot;typeSpeed&quot;:25,&quot;backSpeed&quot;:0,&quot;startDelay&quot;:30,&quot;backDelay&quot;:8000,&quot;showCursor&quot;:true,&quot;loop&quot;:false,&quot;loading&quot;:false,&quot;style&quot;:&quot;switch&quot;}\">\r\n\r\n\t\t\t<h3 class=\"premium-atext__headline\">\r\n\t\t\t\r\n\t\t\t\t\t\t<span class=\"premium-atext__text\"><\/span>\r\n\t\t\r\n\t\t\t\t\t\t\t<span class=\"premium-suffix-text\">\r\n\t\t\t\t\t<span >Text<\/span>\r\n\t\t\t\t<\/span>\r\n\t\t\t\r\n\t\t\t\r\n\t\t\t<\/h3>\r\n\t\t<\/div>\r\n\t\t\t\t\t\t<\/div>\n\t\t\t\t\t<\/div>\n\t\t\t\t<\/div>\n\t\t<div class=\"elementor-element elementor-element-2f935d9 e-flex e-con-boxed e-con e-parent\" data-id=\"2f935d9\" data-element_type=\"container\">\n\t\t\t\t\t<div class=\"e-con-inner\">\n\t\t<div class=\"elementor-element elementor-element-a8347fb e-con-full e-flex e-con e-child\" data-id=\"a8347fb\" data-element_type=\"container\">\n\t\t\t\t<div class=\"elementor-element elementor-element-20a10dc elementor-widget elementor-widget-text-editor\" data-id=\"20a10dc\" data-element_type=\"widget\" data-widget_type=\"text-editor.default\">\n\t\t\t\t\t\t\t\t\t<p><span style=\"font-family: Poppins, sans-serif; font-weight: 300; font-size: 16px; white-space: pre-line;\"><br \/><span style=\"font-family: Poppins, sans-serif; font-weight: 300; font-size: 16px;\">Designer, photographe, cin\u00e9phile<\/span>, motard, \u00c9cossais d&#8217;adoption, collectionneur de vinyles et d&#8217;appareil photos anciens, tout ce que je fais, <strong style=\"font-weight: bold;\">je le fais avec passion et enthousiasme.<\/strong><br \/><\/span><\/p><p><span style=\"font-family: Poppins, sans-serif; font-weight: 300; font-size: 16px; white-space: pre-line;\"><br \/>De l&#8217;id\u00e9e \u00e0 l&#8217;\u00e9cran, mon parcours cr\u00e9atif a toujours eu un seul objectif : <strong>donner vie aux concepts de mani\u00e8re authentique et m\u00e9morable.<\/strong><br \/><\/span><\/p><p><span style=\"font-family: Poppins, sans-serif; font-weight: 300; font-size: 16px; white-space: pre-line;\"><br \/><strong style=\"color: #a33724; font-weight: bold;\">Ma v\u00e9ritable passion<\/strong> ? Aller \u00e0 la rencontre de mes clients, comprendre ce qui les rend uniques et mettre en valeur leur ADN pour cr\u00e9er des solutions qui leur ressemblent vraiment.<br \/><\/span><\/p><p><span style=\"font-family: Poppins, sans-serif; font-weight: 300; font-size: 16px; white-space: pre-line;\"><br \/>Bas\u00e9 en France, <strong>j&#8217;ai eu le privil\u00e8ge de travailler sur plusieurs continents et dans des secteurs vari\u00e9s : mode, ing\u00e9nierie, jeux vid\u00e9o, communication.<\/strong> Une d\u00e9cennie v\u00e9cue au Royaume-Uni a \u00e9largi ma vision du design global, tandis que mes racines fran\u00e7aises me maintiennent ancr\u00e9 dans la cr\u00e9ativit\u00e9 conceptuelle et l&#8217;artisanat.<br \/><\/span><\/p><p><span style=\"font-family: Poppins, sans-serif; font-weight: 300; font-size: 16px; white-space: pre-line;\"><br \/>Ce qui me motive, c&#8217;est <strong>ce moment o\u00f9 l&#8217;essence d&#8217;un client se r\u00e9v\u00e8le et <strong>se transforme en cr\u00e9ation authentique<\/strong>.<\/strong> Que vous soyez un artisan ou une entreprise nationale, je deviens votre partenaire cr\u00e9atif pour tous vos projets de communication, d&#8217;identification et de cr\u00e9ation. J&#8217;aborde chaque collaboration comme une exploration unique, alliant techniques \u00e9tablies et approches innovantes comme l&#8217;IA g\u00e9n\u00e9rative.<br \/><\/span><\/p><p><span style=\"font-family: Poppins, sans-serif; font-weight: 300; font-size: 16px; white-space: pre-line;\"><br \/>Au-del\u00e0 du travail client, <strong>je suis passionn\u00e9 par la transmission.<\/strong> Enseigner mes connaissances m&#8217;enrichit autant que mes \u00e9tudiants. Et quand je ne suis pas en studio, vous me trouverez derri\u00e8re un appareil argentique, sur ma Triumph Bonneville, ou \u00e0 explorer les derni\u00e8res technologies cr\u00e9atives\u2014quand je ne d\u00e9vore pas un bon film.<br \/><\/span><\/p>\t\t\t\t\t\t\t\t<\/div>\n\t\t\t\t<div class=\"elementor-element elementor-element-47eb340 elementor-widget elementor-widget-image\" data-id=\"47eb340\" data-element_type=\"widget\" data-widget_type=\"image.default\">\n\t\t\t\t\t\t\t\t\t\t\t\t\t\t\t<img decoding=\"async\" width=\"800\" height=\"169\" src=\"https:\/\/www.wildfoxstudio.com\/wp-content\/uploads\/2025\/10\/Artboard-3-1024x216.png\" class=\"attachment-large size-large wp-image-848\" alt=\"\" srcset=\"https:\/\/www.wildfoxstudio.com\/wp-content\/uploads\/2025\/10\/Artboard-3-1024x216.png 1024w, https:\/\/www.wildfoxstudio.com\/wp-content\/uploads\/2025\/10\/Artboard-3-300x63.png 300w, https:\/\/www.wildfoxstudio.com\/wp-content\/uploads\/2025\/10\/Artboard-3-768x162.png 768w, https:\/\/www.wildfoxstudio.com\/wp-content\/uploads\/2025\/10\/Artboard-3-1536x325.png 1536w, https:\/\/www.wildfoxstudio.com\/wp-content\/uploads\/2025\/10\/Artboard-3.png 1921w\" sizes=\"(max-width: 800px) 100vw, 800px\" \/>\t\t\t\t\t\t\t\t\t\t\t\t\t\t\t<\/div>\n\t\t\t\t<\/div>\n\t\t<div class=\"elementor-element elementor-element-b415c02 e-con-full e-flex e-con e-child\" data-id=\"b415c02\" data-element_type=\"container\">\n\t\t\t\t<div class=\"elementor-element elementor-element-e977637 elementor-widget elementor-widget-image\" data-id=\"e977637\" data-element_type=\"widget\" data-widget_type=\"image.default\">\n\t\t\t\t\t\t\t\t\t\t\t\t\t\t\t<img decoding=\"async\" width=\"466\" height=\"1024\" src=\"https:\/\/www.wildfoxstudio.com\/wp-content\/uploads\/2025\/10\/Samuel-F.-Wright-\u00a92025-torn-466x1024.png\" class=\"attachment-large size-large wp-image-832\" alt=\"\" srcset=\"https:\/\/www.wildfoxstudio.com\/wp-content\/uploads\/2025\/10\/Samuel-F.-Wright-\u00a92025-torn-466x1024.png 466w, https:\/\/www.wildfoxstudio.com\/wp-content\/uploads\/2025\/10\/Samuel-F.-Wright-\u00a92025-torn-137x300.png 137w, https:\/\/www.wildfoxstudio.com\/wp-content\/uploads\/2025\/10\/Samuel-F.-Wright-\u00a92025-torn-768x1686.png 768w, https:\/\/www.wildfoxstudio.com\/wp-content\/uploads\/2025\/10\/Samuel-F.-Wright-\u00a92025-torn-700x1536.png 700w, https:\/\/www.wildfoxstudio.com\/wp-content\/uploads\/2025\/10\/Samuel-F.-Wright-\u00a92025-torn-933x2048.png 933w, https:\/\/www.wildfoxstudio.com\/wp-content\/uploads\/2025\/10\/Samuel-F.-Wright-\u00a92025-torn-scaled.png 1166w\" sizes=\"(max-width: 466px) 100vw, 466px\" \/>\t\t\t\t\t\t\t\t\t\t\t\t\t\t\t<\/div>\n\t\t\t\t<\/div>\n\t\t\t\t\t<\/div>\n\t\t\t\t<\/div>\n\t\t<div class=\"elementor-element elementor-element-fc40fbb e-flex e-con-boxed e-con e-parent\" data-id=\"fc40fbb\" data-element_type=\"container\">\n\t\t\t\t\t<div class=\"e-con-inner\">\n\t\t\t\t<div class=\"elementor-element elementor-element-1b6edc9 elementor-widget elementor-widget-text-editor\" data-id=\"1b6edc9\" data-element_type=\"widget\" data-widget_type=\"text-editor.default\">\n\t\t\t\t\t\t\t\t\t<span style=\"font-family: Poppins, sans-serif; font-weight: 300; font-size: 16px; white-space: pre-line;\">\n<strong>Pr\u00eat \u00e0 d\u00e9couvrir ce qui se passe quand votre vision rencontre un vrai savoir-faire ? <span style=\"color: #a33724; font-weight: bold; text-decoration: none; transition: color 0.3s ease;\"><a style=\"color: inherit; text-decoration: none;\" href=\"mailto:samuelfichetwright@gmail.com\">Entamons la conversation.<\/a><\/span><\/strong>\n<\/span>\t\t\t\t\t\t\t\t<\/div>\n\t\t\t\t\t<\/div>\n\t\t\t\t<\/div>\n\t\t<div class=\"elementor-element elementor-element-79296d2b e-con-full e-flex e-con e-parent\" data-id=\"79296d2b\" data-element_type=\"container\" data-settings=\"{&quot;background_background&quot;:&quot;classic&quot;}\">\n\t\t<div class=\"elementor-element elementor-element-510b9c74 e-con-full e-flex e-con e-child\" data-id=\"510b9c74\" data-element_type=\"container\">\n\t\t\t\t<div class=\"elementor-element elementor-element-352d86 elementor-widget elementor-widget-heading\" data-id=\"352d86\" data-element_type=\"widget\" data-widget_type=\"heading.default\">\n\t\t\t\t\t<h2 class=\"elementor-heading-title elementor-size-default\">Votre communication m\u00e9rite un partenaire engag\u00e9.<\/h2>\t\t\t\t<\/div>\n\t\t\t\t<div class=\"elementor-element elementor-element-3a9068a0 elementor-widget elementor-widget-text-editor\" data-id=\"3a9068a0\" data-element_type=\"widget\" data-widget_type=\"text-editor.default\">\n\t\t\t\t\t\t\t\t\t<p>Discutons de vos projets ensemble et commen\u00e7ons d\u00e8s aujourd&#8217;hui \u00e0 repenser vos solutions cr\u00e9atives.<\/p>\t\t\t\t\t\t\t\t<\/div>\n\t\t\t\t<div class=\"elementor-element elementor-element-52ad0315 elementor-align-right elementor-mobile-align-center elementor-invisible elementor-widget elementor-widget-button\" data-id=\"52ad0315\" data-element_type=\"widget\" data-settings=\"{&quot;_animation&quot;:&quot;fadeInDown&quot;}\" data-widget_type=\"button.default\">\n\t\t\t\t\t\t\t\t\t\t<a class=\"elementor-button elementor-button-link elementor-size-sm\" href=\"mailto:samuelfichetwright@gmail.com\">\n\t\t\t\t\t\t<span class=\"elementor-button-content-wrapper\">\n\t\t\t\t\t\t\t\t\t<span class=\"elementor-button-text\">Contact<\/span>\n\t\t\t\t\t<\/span>\n\t\t\t\t\t<\/a>\n\t\t\t\t\t\t\t\t<\/div>\n\t\t\t\t<\/div>\n\t\t<div class=\"elementor-element elementor-element-7df6c05d e-con-full e-flex e-con e-child\" data-id=\"7df6c05d\" data-element_type=\"container\">\n\t\t\t\t<div class=\"elementor-element elementor-element-30d25159 elementor-widget elementor-widget-image\" data-id=\"30d25159\" data-element_type=\"widget\" data-widget_type=\"image.default\">\n\t\t\t\t\t\t\t\t\t\t\t\t\t\t\t<img loading=\"lazy\" decoding=\"async\" width=\"1000\" height=\"1000\" src=\"https:\/\/www.wildfoxstudio.com\/wp-content\/uploads\/2025\/10\/Flavicon-1.png\" class=\"attachment-full size-full wp-image-861\" alt=\"\" srcset=\"https:\/\/www.wildfoxstudio.com\/wp-content\/uploads\/2025\/10\/Flavicon-1.png 1000w, https:\/\/www.wildfoxstudio.com\/wp-content\/uploads\/2025\/10\/Flavicon-1-300x300.png 300w, https:\/\/www.wildfoxstudio.com\/wp-content\/uploads\/2025\/10\/Flavicon-1-150x150.png 150w, https:\/\/www.wildfoxstudio.com\/wp-content\/uploads\/2025\/10\/Flavicon-1-768x768.png 768w\" sizes=\"(max-width: 1000px) 100vw, 1000px\" \/>\t\t\t\t\t\t\t\t\t\t\t\t\t\t\t<\/div>\n\t\t\t\t<\/div>\n\t\t\t\t<\/div>\n\t\t\t\t<\/div>\n\t\t","protected":false},"excerpt":{"rendered":"<p>Text Designer, photographe, cin\u00e9phile, motard, \u00c9cossais d&#8217;adoption, collectionneur de vinyles et d&#8217;appareil photos anciens, tout ce que je fais, je le fais avec passion et enthousiasme. De l&#8217;id\u00e9e \u00e0 l&#8217;\u00e9cran, mon parcours cr\u00e9atif a toujours eu un seul objectif : donner vie aux concepts de mani\u00e8re authentique et m\u00e9morable. Ma v\u00e9ritable passion ? Aller \u00e0 [&hellip;]<\/p>\n","protected":false},"author":1,"featured_media":22,"parent":0,"menu_order":0,"comment_status":"closed","ping_status":"closed","template":"elementor_header_footer","meta":{"footnotes":""},"class_list":["post-17","page","type-page","status-publish","has-post-thumbnail","hentry"],"_links":{"self":[{"href":"https:\/\/www.wildfoxstudio.com\/index.php\/wp-json\/wp\/v2\/pages\/17","targetHints":{"allow":["GET"]}}],"collection":[{"href":"https:\/\/www.wildfoxstudio.com\/index.php\/wp-json\/wp\/v2\/pages"}],"about":[{"href":"https:\/\/www.wildfoxstudio.com\/index.php\/wp-json\/wp\/v2\/types\/page"}],"author":[{"embeddable":true,"href":"https:\/\/www.wildfoxstudio.com\/index.php\/wp-json\/wp\/v2\/users\/1"}],"replies":[{"embeddable":true,"href":"https:\/\/www.wildfoxstudio.com\/index.php\/wp-json\/wp\/v2\/comments?post=17"}],"version-history":[{"count":71,"href":"https:\/\/www.wildfoxstudio.com\/index.php\/wp-json\/wp\/v2\/pages\/17\/revisions"}],"predecessor-version":[{"id":924,"href":"https:\/\/www.wildfoxstudio.com\/index.php\/wp-json\/wp\/v2\/pages\/17\/revisions\/924"}],"wp:featuredmedia":[{"embeddable":true,"href":"https:\/\/www.wildfoxstudio.com\/index.php\/wp-json\/wp\/v2\/media\/22"}],"wp:attachment":[{"href":"https:\/\/www.wildfoxstudio.com\/index.php\/wp-json\/wp\/v2\/media?parent=17"}],"curies":[{"name":"wp","href":"https:\/\/api.w.org\/{rel}","templated":true}]}}